{"id":904,"date":"2026-03-13T12:40:45","date_gmt":"2026-03-13T11:40:45","guid":{"rendered":"https:\/\/nidus.digital\/?page_id=904"},"modified":"2026-04-23T13:03:06","modified_gmt":"2026-04-23T11:03:06","slug":"blog","status":"publish","type":"page","link":"https:\/\/nidus.digital\/es\/blog\/","title":{"rendered":"Blog"},"content":{"rendered":"<style>.kb-row-layout-wrap.wp-block-kadence-rowlayout.kb-row-layout-id904_019b36-6a{margin-bottom:80px;}.kb-row-layout-id904_019b36-6a > .kt-row-column-wrap{align-content:start;}:where(.kb-row-layout-id904_019b36-6a > .kt-row-column-wrap) > .wp-block-kadence-column{justify-content:start;}.kb-row-layout-id904_019b36-6a > .kt-row-column-wrap{column-gap:var(--global-kb-gap-md, 2rem);row-gap:var(--global-kb-gap-md, 2rem);max-width:1330px;margin-left:auto;margin-right:auto;padding-top:0px;padding-bottom:40px;grid-template-columns:minmax(0, 1fr);}.kb-row-layout-id904_019b36-6a{background-color:#f0793c;}.kb-row-layout-id904_019b36-6a > .kt-row-layout-overlay{opacity:0.30;}@media all and (max-width: 1024px){.kb-row-layout-id904_019b36-6a > .kt-row-column-wrap{grid-template-columns:minmax(0, 1fr);}}@media all and (max-width: 767px){.kb-row-layout-id904_019b36-6a > .kt-row-column-wrap{grid-template-columns:minmax(0, 1fr);}}<\/style><div class=\"kb-row-layout-wrap kb-row-layout-id904_019b36-6a alignfull kt-row-has-bg wp-block-kadence-rowlayout\"><div class=\"kt-row-column-wrap kt-has-1-columns kt-row-layout-equal kt-tab-layout-inherit kt-mobile-layout-row kt-row-valign-top\">\n<style>.kadence-column904_95c4cd-96 > .kt-inside-inner-col,.kadence-column904_95c4cd-96 > .kt-inside-inner-col:before{border-top-left-radius:0px;border-top-right-radius:0px;border-bottom-right-radius:0px;border-bottom-left-radius:0px;}.kadence-column904_95c4cd-96 > .kt-inside-inner-col{column-gap:var(--global-kb-gap-sm, 1rem);}.kadence-column904_95c4cd-96 > .kt-inside-inner-col{flex-direction:column;}.kadence-column904_95c4cd-96 > .kt-inside-inner-col > .aligncenter{width:100%;}.kadence-column904_95c4cd-96 > .kt-inside-inner-col:before{opacity:0.3;}.kadence-column904_95c4cd-96{position:relative;}@media all and (max-width: 1024px){.kadence-column904_95c4cd-96 > .kt-inside-inner-col{flex-direction:column;justify-content:center;}}@media all and (max-width: 767px){.kadence-column904_95c4cd-96 > .kt-inside-inner-col{flex-direction:column;justify-content:center;}}<\/style>\n<div class=\"wp-block-kadence-column kadence-column904_95c4cd-96\"><div class=\"kt-inside-inner-col\">\n<h1 class=\"wp-block-heading\">Blog Nidus<\/h1>\n<\/div><\/div>\n\n<\/div><\/div>\n\n\n<div class=\"wp-block-ultimate-post-post-grid-parent ultp-post-grid-parent\" data-postid=\"904\" data-grids=\"[{&quot;blockId&quot;:&quot;205b05&quot;,&quot;name&quot;:&quot;ultimate-post_post-grid-1&quot;}]\" data-pagi=\"[&quot;ultp-block-512630&quot;]\"><div  class=\"ultp-post-grid-block wp-block-ultimate-post-post-grid-1 ultp-block-205b05 box_blog\"><div class=\"ultp-block-wrapper\"><div class=\"ultp-loading\"><div class=\"ultp-loading-blocks\" style=\"width:100%;height:100%;\"><div style=\"left: 0;top: 0;animation-delay:0s;\"><\/div><div style=\"left: 21px;top: 0;animation-delay:0.125s;\"><\/div><div style=\"left: 42px;top: 0;animation-delay:0.25s;\"><\/div><div style=\"left: 0;top: 21px;animation-delay:0.875s;\"><\/div><div style=\"left: 42px;top: 21px;animation-delay:0.375s;\"><\/div><div style=\"left: 0;top: 42px;animation-delay:0.75s;\"><\/div><div style=\"left: 42px;top: 42px;animation-delay:0.625s;\"><\/div><div style=\"left: 21px;top: 42px;animation-delay:0.5s;\"><\/div><\/div><\/div><div class=\"ultp-block-items-wrap ultp-block-row ultp-pg1a-style1 ultp-grid1-responsive ultp-block-column-2 ultp-sm-column-2 ultp-xs-column-1 ultp-layout1\"><div class=\"ultp-block-item post-id-908\"><div class=\"ultp-block-content-wrap\"><div class=\"ultp-block-image ultp-block-image-opacity\"><a href=\"https:\/\/nidus.digital\/es\/el-chat-la-herramienta-de-mensajeria-que-mejora-la-comunicacion-y-la-atencion-al-usuario\/\" ><img decoding=\"async\"  class=\"ultp-block-image-content\"  alt=\"El xat, l&#039;eina de missatgeria que millora la comunicaci\u00f3 i l&#039;atenci\u00f3 a l&#039;usuari\"  src=\"https:\/\/nidus.digital\/wp-content\/uploads\/2026\/03\/blog_nidus_xat_main.webp\" \/><\/a><\/div><div class=\"ultp-block-content\"><h2 class=\"ultp-block-title \"><a href=\"https:\/\/nidus.digital\/es\/el-chat-la-herramienta-de-mensajeria-que-mejora-la-comunicacion-y-la-atencion-al-usuario\/\" >El chat Nidus, la herramienta de mensajer\u00eda que mejora la comunicaci\u00f3n y la atenci\u00f3n al usuario<\/a><\/h2><div class=\"ultp-block-meta ultp-block-meta-dot ultp-block-meta-icon\"><span class=\"ultp-block-date ultp-block-meta-element\"><svg xmlns=\"http:\/\/www.w3.org\/2000\/svg\" fill=\"none\" viewBox=\"0 0 24 24\">\n  <path stroke=\"currentColor\" stroke-linecap=\"round\" stroke-linejoin=\"round\" stroke-width=\"1.5\" d=\"M3 5.5a2 2 0 0 1 2-2h14a2 2 0 0 1 2 2v14a2 2 0 0 1-2 2H5a2 2 0 0 1-2-2v-14ZM8 2v3m8-3v3M3 9h18\"\/>\n<\/svg>\nMar 13, 2026<\/span><\/div><div class=\"ultp-block-excerpt\"><p>Las nuevas versiones de las aplicaciones Nidus e iSocialPro ya incorporan la funcionalidad de chat.<\/p>\n<\/div><\/div><\/div><\/div><div class=\"ultp-block-item post-id-914\"><div class=\"ultp-block-content-wrap\"><div class=\"ultp-block-image ultp-block-image-opacity\"><a href=\"https:\/\/nidus.digital\/es\/nidus-presenta-los-resultados-del-piloto-de-desinstitucionalizacion-del-programa-transforma-del-hiss\/\" ><img decoding=\"async\"  class=\"ultp-block-image-content\"  alt=\"Nidus presenta els resultats del pilot de desinstitucionalitzaci\u00f3 del Programa Transforma del HiSS\"  src=\"https:\/\/nidus.digital\/wp-content\/uploads\/2026\/03\/blog_nidus_presenta_main.webp\" \/><\/a><\/div><div class=\"ultp-block-content\"><h2 class=\"ultp-block-title \"><a href=\"https:\/\/nidus.digital\/es\/nidus-presenta-los-resultados-del-piloto-de-desinstitucionalizacion-del-programa-transforma-del-hiss\/\" >Nidus presenta los resultados del piloto de desinstitucionalizaci\u00f3n del Programa Transforma del HiSS<\/a><\/h2><div class=\"ultp-block-meta ultp-block-meta-dot ultp-block-meta-icon\"><span class=\"ultp-block-date ultp-block-meta-element\"><svg xmlns=\"http:\/\/www.w3.org\/2000\/svg\" fill=\"none\" viewBox=\"0 0 24 24\">\n  <path stroke=\"currentColor\" stroke-linecap=\"round\" stroke-linejoin=\"round\" stroke-width=\"1.5\" d=\"M3 5.5a2 2 0 0 1 2-2h14a2 2 0 0 1 2 2v14a2 2 0 0 1-2 2H5a2 2 0 0 1-2-2v-14ZM8 2v3m8-3v3M3 9h18\"\/>\n<\/svg>\nMar 13, 2026<\/span><\/div><div class=\"ultp-block-excerpt\"><p>La 2.\u00aa Convocatoria del Programa Transforma del Hub de Innovaci\u00f3n Social y Sanitaria (HiSS), dedicada al reto \u00abAlternativas comunitarias a la institucionalizaci\u00f3n\u00bb<\/p>\n<\/div><\/div><\/div><\/div><\/div><\/div><div class=\"pagination-block-html\" aria-hidden=\"true\" style=\"display: none;\"><div class=\"ultp-pagination-wrap\"  data-for=\"ultp-block-205b05\"  data-blockid=\"205b05\"  data-expost=\"\"  data-paged=\"1\"  data-pages=\"1\"  data-blockname=\"ultimate-post_post-grid-1\"  data-postid=\"904\"  data-selfpostid=\"yes\" ><\/div><\/div><\/div>\n\n\n<div class=\"wp-block-ultimate-post-post-pagination ultp-block-512630 ultp-pagination-block ultp-pagination-wrap\"><div class=\"ultp-pagination-wrap ultp-disable-editor-click\"><ul class=\"ultp-pagination\"><li><a href=\"#\" class=\"ultp-prev-page-numbers\"><svg xmlns=\"http:\/\/www.w3.org\/2000\/svg\" fill=\"none\" viewBox=\"0 0 24 24\"><path stroke=\"currentColor\" stroke-linecap=\"round\" stroke-linejoin=\"round\" stroke-width=\"1.5\" d=\"m15 18-6-6 6-6\"><\/path><\/svg><\/a><\/li><li><a href=\"#\">1<\/a><\/li><li><a href=\"#\">2<\/a><\/li><li><a href=\"#\">3<\/a><\/li><li><a href=\"#\" class=\"ultp-next-page-numbers\"><svg xmlns=\"http:\/\/www.w3.org\/2000\/svg\" fill=\"none\" viewBox=\"0 0 24 24\"><path stroke=\"currentColor\" stroke-linecap=\"round\" stroke-linejoin=\"round\" stroke-width=\"1.5\" d=\"m9 18 6-6-6-6\"><\/path><\/svg><\/a><\/li><\/ul><\/div><\/div>\n<\/div>\n\n\n\n<p><\/p>\n","protected":false},"excerpt":{"rendered":"<p>Blog Nidus<\/p>\n","protected":false},"author":1,"featured_media":0,"parent":0,"menu_order":0,"comment_status":"closed","ping_status":"closed","template":"templates\/template-builder.php","meta":{"inline_featured_image":false,"_kad_blocks_custom_css":"","_kad_blocks_head_custom_js":"","_kad_blocks_body_custom_js":"","_kad_blocks_footer_custom_js":"","footnotes":""},"class_list":["post-904","page","type-page","status-publish","hentry","post","without-featured-image"],"taxonomy_info":[],"featured_image_src_large":false,"author_info":{"display_name":"admin","author_link":"https:\/\/nidus.digital\/es\/author\/server_081uguje\/"},"comment_info":0,"_links":{"self":[{"href":"https:\/\/nidus.digital\/es\/wp-json\/wp\/v2\/pages\/904","targetHints":{"allow":["GET"]}}],"collection":[{"href":"https:\/\/nidus.digital\/es\/wp-json\/wp\/v2\/pages"}],"about":[{"href":"https:\/\/nidus.digital\/es\/wp-json\/wp\/v2\/types\/page"}],"author":[{"embeddable":true,"href":"https:\/\/nidus.digital\/es\/wp-json\/wp\/v2\/users\/1"}],"replies":[{"embeddable":true,"href":"https:\/\/nidus.digital\/es\/wp-json\/wp\/v2\/comments?post=904"}],"version-history":[{"count":1,"href":"https:\/\/nidus.digital\/es\/wp-json\/wp\/v2\/pages\/904\/revisions"}],"predecessor-version":[{"id":905,"href":"https:\/\/nidus.digital\/es\/wp-json\/wp\/v2\/pages\/904\/revisions\/905"}],"wp:attachment":[{"href":"https:\/\/nidus.digital\/es\/wp-json\/wp\/v2\/media?parent=904"}],"curies":[{"name":"wp","href":"https:\/\/api.w.org\/{rel}","templated":true}]}}